{"id":633,"date":"2017-07-04T12:00:40","date_gmt":"2017-07-04T10:00:40","guid":{"rendered":"http:\/\/sveti-nikola.de\/?page_id=633"},"modified":"2017-07-04T12:11:22","modified_gmt":"2017-07-04T10:11:22","slug":"mazedonische-orthodoxe-kirche","status":"publish","type":"page","link":"http:\/\/sveti-nikola.de\/?page_id=633","title":{"rendered":"Mazedonische Orthodoxe Kirche"},"content":{"rendered":"<div style=\"clear:both;\"><\/div><p>Die <b>Mazedonische Orthodoxe Kirche<\/b>\u00a0ist eine <a title=\"Orthodoxe Kirchen\" href=\"https:\/\/de.wikipedia.org\/wiki\/Orthodoxe_Kirchen\">orthodoxe Kirche<\/a> auf dem Gebiet <a title=\"Mazedonien\" href=\"https:\/\/de.wikipedia.org\/wiki\/Mazedonien\">Mazedoniens<\/a>. Zu ihr bekennt sich etwa zwei Drittel der mazedonischen Bev\u00f6lkerung. Die Kirche hat acht <a title=\"Eparch\" href=\"https:\/\/de.wikipedia.org\/wiki\/Eparch\">Eparchien<\/a> in Mazedonien und vier weitere im Ausland zur Betreuung der mazedonischen Diaspora.<\/p>\n<p style=\"text-align: center;\"><a href=\"http:\/\/sveti-nikola.de\/wp-content\/uploads\/2017\/07\/St.-Panteleymon-Ohrid.jpg\"><img decoding=\"async\" loading=\"lazy\" class=\"wp-image-634 aligncenter\" src=\"http:\/\/sveti-nikola.de\/wp-content\/uploads\/2017\/07\/St.-Panteleymon-Ohrid-300x225.jpg\" alt=\"\" width=\"612\" height=\"459\" srcset=\"http:\/\/sveti-nikola.de\/wp-content\/uploads\/2017\/07\/St.-Panteleymon-Ohrid-300x225.jpg 300w, http:\/\/sveti-nikola.de\/wp-content\/uploads\/2017\/07\/St.-Panteleymon-Ohrid-768x575.jpg 768w, http:\/\/sveti-nikola.de\/wp-content\/uploads\/2017\/07\/St.-Panteleymon-Ohrid-1024x766.jpg 1024w, http:\/\/sveti-nikola.de\/wp-content\/uploads\/2017\/07\/St.-Panteleymon-Ohrid-401x300.jpg 401w\" sizes=\"(max-width: 612px) 100vw, 612px\" \/><\/a>\u00a0St. Pantaleimon-Kloster in Ohrid<\/p>\n<div class=\"thumb tright\"><\/div>\n<p>Die mazedonische Orthodoxie beruft sich auf die mittelalterliche Tradition des <a title=\"Erzbistum Ohrid\" href=\"https:\/\/de.wikipedia.org\/wiki\/Erzbistum_Ohrid\">Erzbistums von Ohrid<\/a>, das im 18. Jahrhundert untergegangen ist. Im Jahr 1967 hat sich die Kirche gegen den Willen des <a title=\"Serbisch-Orthodoxe Kirche\" href=\"https:\/\/de.wikipedia.org\/wiki\/Serbisch-Orthodoxe_Kirche\">serbischen Patriarchats<\/a> f\u00fcr <a title=\"Autokephalie (Kirche)\" href=\"https:\/\/de.wikipedia.org\/wiki\/Autokephalie_(Kirche)\">autokephal<\/a> erkl\u00e4rt. Auch von den anderen orthodoxen Kirchen \u2013 einschlie\u00dflich des <a title=\"\u00d6kumenisches Patriarchat von Konstantinopel\" href=\"https:\/\/de.wikipedia.org\/wiki\/%C3%96kumenisches_Patriarchat_von_Konstantinopel\">Patriarchats von Konstantinopel<\/a> \u2013 wurde die selbst\u00e4ndige mazedonische Kirche bisher nicht anerkannt. Seitens der serbisch-orthodoxen Kirche wurde ein autonomes Erzbistum Ohrid eingerichtet, das von den \u00fcbrigen orthodoxen Kirchen als kanonisch anerkannt wird.<\/p>\n<p style=\"text-align: center;\"><strong><span id=\"Lehre_und_Gottesdienst\" class=\"mw-headline\">Lehre und Gottesdienst<\/span><\/strong><\/p>\n<div class=\"thumb tright\">\n<div class=\"thumbinner\">\n<div class=\"thumbcaption\">Ein Geistlicher bei der Verehrung einer <a title=\"Reliquie\" href=\"https:\/\/de.wikipedia.org\/wiki\/Reliquie\">Reliquie<\/a> des hl. Kliment<\/div>\n<\/div>\n<\/div>\n<p>In der Theologie und der gottesdienstlichen Praxis stimmt die mazedonische Kirche vollst\u00e4ndig mit den \u00fcbrigen orthodoxen Kirchen \u00fcberein. Grundlage ihres Bekenntnisses sind die <a title=\"\u00d6kumenisches Konzil\" href=\"https:\/\/de.wikipedia.org\/wiki\/%C3%96kumenisches_Konzil\">sieben \u00f6kumenischen Konzilien<\/a> und das <a title=\"Nic\u00e4no-Konstantinopolitanum\" href=\"https:\/\/de.wikipedia.org\/wiki\/Nic%C3%A4no-Konstantinopolitanum\">Nic\u00e4nische Glaubensbekenntnis<\/a>. Die Gottesdienste werden nach <a title=\"Byzantinischer Ritus\" href=\"https:\/\/de.wikipedia.org\/wiki\/Byzantinischer_Ritus\">Byzantinischem Ritus<\/a> in <a title=\"Kirchenslawisch\" href=\"https:\/\/de.wikipedia.org\/wiki\/Kirchenslawisch\">kirchenslawischer Sprache<\/a> oder in der modernen <a title=\"Mazedonische Sprache\" href=\"https:\/\/de.wikipedia.org\/wiki\/Mazedonische_Sprache\">mazedonischen Sprache<\/a> gefeiert. Die kirchlichen Feste werden nach dem <a title=\"Julianischer Kalender\" href=\"https:\/\/de.wikipedia.org\/wiki\/Julianischer_Kalender\">Julianischen Kalender<\/a> begangen.<\/p>\n<p>Bei der Heiligenverehrung stehen neben der Gottesmutter vor allem die aus <a title=\"Thessaloniki\" href=\"https:\/\/de.wikipedia.org\/wiki\/Thessaloniki\">Thessaloniki<\/a> stammenden <a class=\"mw-redirect\" title=\"Slawenapostel\" href=\"https:\/\/de.wikipedia.org\/wiki\/Slawenapostel\">Slawenapostel<\/a> <a title=\"Kyrill von Saloniki\" href=\"https:\/\/de.wikipedia.org\/wiki\/Kyrill_von_Saloniki\">Cyrill<\/a> und <a title=\"Method von Saloniki\" href=\"https:\/\/de.wikipedia.org\/wiki\/Method_von_Saloniki\">Method<\/a> sowie deren Sch\u00fcler <a title=\"Kliment von Ohrid\" href=\"https:\/\/de.wikipedia.org\/wiki\/Kliment_von_Ohrid\">Kliment<\/a> und <a title=\"Naum\" href=\"https:\/\/de.wikipedia.org\/wiki\/Naum\">Naum<\/a> im Mittelpunkt. Letztere stehen auch am Beginn der monastischen Tradition auf dem Gebiet des heutigen Mazedonien.<\/p>\n<p style=\"text-align: center;\"><strong><span id=\"Organisation\" class=\"mw-headline\">Organisation<\/span><\/strong><\/p>\n<p>Wie alle \u00fcbrigen orthodoxen Kirchen ist auch die mazedonische <a title=\"Bischof\" href=\"https:\/\/de.wikipedia.org\/wiki\/Bischof#Orthodoxe_Kirche\">episkopal<\/a> organisiert. An der Spitze der Hierarchie steht der <i>Erzbischof von Ohrid und ganz Mazedonien<\/i>. Derzeit (2009) versieht <a class=\"new\" title=\"Stefan von Ohrid und Mazedonien (Seite nicht vorhanden)\" href=\"https:\/\/de.wikipedia.org\/w\/index.php?title=Stefan_von_Ohrid_und_Mazedonien&amp;action=edit&amp;redlink=1\">Stefan<\/a> (b\u00fcrgerl. <i>Stojan Veljanovski<\/i>) dieses Amt. Er ist der f\u00fcnfte Erzbischof seit der Wiederrichtung der Erzdi\u00f6zese Ohrid im Jahr 1958. Seine Residenz befindet sich in <a title=\"Skopje\" href=\"https:\/\/de.wikipedia.org\/wiki\/Skopje\">Skopje<\/a>.<\/p>\n<p>Die mazedonische Kirche hat 7 Eparchien im Lande selbst: Skopje, Prespa und Bitola, Debar und Ki\u010devo, Bregalnica, Polog und Kumanovo, Povardarie (<a title=\"Vardar\" href=\"https:\/\/de.wikipedia.org\/wiki\/Vardar\">Vardartal<\/a>) und Strumica; hinzu kommen im Ausland die amerikanische, die australische und die (west) europ\u00e4ische Eparchie, letztere mit Sitz im schwedischen <a title=\"Malm\u00f6\" href=\"https:\/\/de.wikipedia.org\/wiki\/Malm%C3%B6\">Malm\u00f6<\/a>. Gemeinsam bilden die Bisch\u00f6fe den <a title=\"Heiliger Synod\" href=\"https:\/\/de.wikipedia.org\/wiki\/Heiliger_Synod\">heiligen Synod<\/a>, das oberste Leitungsgremium der Kirche. Traditionell haben die Laien ein weitgehendes Mitspracherecht bei der Verwaltung kirchlicher Angelegenheiten. Dies geht auf die Entstehung der Kirche zur\u00fcck, die ohne das Engagement der Laien ihre Eigenst\u00e4ndigkeit wohl nicht h\u00e4tte erreichen k\u00f6nnen. Vertreter des Laienstandes nehmen auch an der Wahl des Erzbischofs teil.<\/p>\n<p>In Mazedonien geh\u00f6ren etwa ein Drittel der Bev\u00f6lkerung, etwa 650.000 Menschen zur orthodoxen Kirche. Fast alle Kirchenmitglieder sind mazedonischsprachig. Kleine sprachliche Minderheiten unter den Gl\u00e4ubigen sind Aromunen und Roma. \u00dcber die Zahl der mazedonisch-orthodoxen Christen im Ausland gibt es keine verl\u00e4sslichen Angaben. Die Kirche hat etwa 500 Priester und \u00fcber 100 M\u00f6nche, die in 2000 Kirchen und Kl\u00f6stern ihren Dienst versehen.<\/p>\n<p>In <a class=\"new\" title=\"Dra\u010devo (Seite nicht vorhanden)\" href=\"https:\/\/de.wikipedia.org\/w\/index.php?title=Dra%C4%8Devo&amp;action=edit&amp;redlink=1\">Dra\u010devo<\/a> bei Skopje ist das 1967 gegr\u00fcndete Priesterseminar St. Kliment angesiedelt. Seit 1977 gibt es in der Hauptstadt eine orthodoxe theologisch Fakult\u00e4t, die mit der dortigen <a title=\"Universit\u00e4t Skopje\" href=\"https:\/\/de.wikipedia.org\/wiki\/Universit%C3%A4t_Skopje\">Universit\u00e4t<\/a>kooperiert. Au\u00dferdem unterh\u00e4lt die mazedonische Kirche ein Gymnasium.<\/p>\n<p style=\"text-align: center;\"><strong><span id=\"Geschichte\" class=\"mw-headline\">Geschichte<\/span><\/strong><\/p>\n<div class=\"thumb tright\">\n<div class=\"thumbinner\">\n<div class=\"thumbcaption\" style=\"text-align: center;\">\n<div class=\"magnify\"><a href=\"http:\/\/sveti-nikola.de\/wp-content\/uploads\/2017\/07\/\u0421\u0432_\u0421\u043e\u0444\u0438\u0458\u0430_\u041e\u0445\u0440\u0438\u0434.jpg\"><img decoding=\"async\" loading=\"lazy\" class=\"wp-image-636 aligncenter\" src=\"http:\/\/sveti-nikola.de\/wp-content\/uploads\/2017\/07\/\u0421\u0432_\u0421\u043e\u0444\u0438\u0458\u0430_\u041e\u0445\u0440\u0438\u0434-300x225.jpg\" alt=\"\" width=\"697\" height=\"523\" srcset=\"http:\/\/sveti-nikola.de\/wp-content\/uploads\/2017\/07\/\u0421\u0432_\u0421\u043e\u0444\u0438\u0458\u0430_\u041e\u0445\u0440\u0438\u0434-300x225.jpg 300w, http:\/\/sveti-nikola.de\/wp-content\/uploads\/2017\/07\/\u0421\u0432_\u0421\u043e\u0444\u0438\u0458\u0430_\u041e\u0445\u0440\u0438\u0434-768x576.jpg 768w, http:\/\/sveti-nikola.de\/wp-content\/uploads\/2017\/07\/\u0421\u0432_\u0421\u043e\u0444\u0438\u0458\u0430_\u041e\u0445\u0440\u0438\u0434-1024x768.jpg 1024w, http:\/\/sveti-nikola.de\/wp-content\/uploads\/2017\/07\/\u0421\u0432_\u0421\u043e\u0444\u0438\u0458\u0430_\u041e\u0445\u0440\u0438\u0434-400x300.jpg 400w\" sizes=\"(max-width: 697px) 100vw, 697px\" \/><\/a>\u00a0Die <a title=\"Sophienkirche (Ohrid)\" href=\"https:\/\/de.wikipedia.org\/wiki\/Sophienkirche_(Ohrid)\">Sophienkirche<\/a> in Ohrid war im 11. Jahrhundert Kathedrale des Erzbistums<\/div>\n<div class=\"magnify\"><\/div>\n<\/div>\n<div class=\"thumbcaption\" style=\"text-align: center;\"><\/div>\n<div class=\"thumbcaption\" style=\"text-align: center;\"><strong>Vorgeschichte<\/strong><\/div>\n<div class=\"thumbcaption\" style=\"text-align: center;\"><\/div>\n<\/div>\n<\/div>\n<p>Die mazedonische Orthodoxie beruft sich auf die mittelalterliche Tradition des autonomen <a title=\"Erzbistum Ohrid\" href=\"https:\/\/de.wikipedia.org\/wiki\/Erzbistum_Ohrid\">Erzbistums von Ohrid<\/a>. Auch unter der Herrschaft des zweiten Bulgarischen Reichs \u00fcber <a title=\"Ohrid\" href=\"https:\/\/de.wikipedia.org\/wiki\/Ohrid\">Ohrid<\/a> (13. Jahrhundert) und unter dem Szepter des <a title=\"Geschichte Serbiens\" href=\"https:\/\/de.wikipedia.org\/wiki\/Geschichte_Serbiens#Das_Serbische_Kaiserreich_Zar_Du.C5.A1ans\">serbischen Kaiserreichs<\/a> (14. Jahrhunderts) bestand das Ohrider Erzbistum neben den jeweiligen Reichskirchen fort. Die <a title=\"Osmanisches Reich\" href=\"https:\/\/de.wikipedia.org\/wiki\/Osmanisches_Reich\">Osmanen<\/a> unterstellten ihm sp\u00e4ter sogar gro\u00dfe Teile der orthodoxen Christen in Serbien, bis sie das Erzbistum von Ohrid im Einvernehmen mit dem Patriarchen von Konstantinopel 1767 aufl\u00f6sten.<\/p>\n<p>Nach der Aufhebung des Ohrider Erzbistums wurden die Metropolien und Eparchien auf dem Gebiet des heutigen Mazedonien zumeist von griechischen <a class=\"mw-redirect\" title=\"Phanar\" href=\"https:\/\/de.wikipedia.org\/wiki\/Phanar\">Phanarioten<\/a> verwaltet. Diese nahmen wenig R\u00fccksicht auf die Traditionen der einheimischen Slawen und waren deshalb vom Volk und dem niederen Klerus nur ungern gelitten. Um die Mitte des 19. Jahrhunderts entstand daher eine Bewegung, die auf die Wiedererrichtung der autokephalen Kirche von Ohrid hinarbeitete. Diese Bestrebungen blieben erfolglos; stattdessen wurde Mazedonien erneut der <a class=\"mw-redirect\" title=\"Bulgarisch-Orthodoxe Kirche\" href=\"https:\/\/de.wikipedia.org\/wiki\/Bulgarisch-Orthodoxe_Kirche\">bulgarischen Kirche<\/a>, bzw. dem 1870 errichteten <a title=\"Bulgarisches Exarchat\" href=\"https:\/\/de.wikipedia.org\/wiki\/Bulgarisches_Exarchat\">bulgarischen Exarchat<\/a> unterstellt. Dabei blieb es bis zum Ende des Ersten Weltkriegs. Gleichwohl gab es in der Endphase der osmanischen Herrschaft weitere Versuche, das Ohrider Erzbistum zu restaurieren.<\/p>\n<p>Im M\u00e4rz 1920 wurden die Bist\u00fcmer in Vardar-Mazedonien vom \u00f6kumenischen Patriarchen an die serbische Kirche \u00fcbergeben. Zu Bisch\u00f6fen wurden bis in die vierziger Jahre hinein ausschlie\u00dflich Serben berufen.<\/p>\n<p style=\"text-align: center;\"><strong><span id=\"Schritte_zur_kirchlichen_Eigenst.C3.A4ndigkeit\" class=\"mw-headline\">Schritte zur kirchlichen Eigenst\u00e4ndigkeit<\/span><\/strong><\/p>\n<p>F\u00fcr die <a class=\"mw-redirect\" title=\"Mazedonier (slawische Ethnie)\" href=\"https:\/\/de.wikipedia.org\/wiki\/Mazedonier_(slawische_Ethnie)\">Mazedonier<\/a> war die Gr\u00fcndung einer eigenen <a title=\"Autokephalie (Kirche)\" href=\"https:\/\/de.wikipedia.org\/wiki\/Autokephalie_(Kirche)\">autokephalen<\/a> Kirche ein wichtiger Schritt beim Emanzipationsprozess zu einer von <a title=\"Serben\" href=\"https:\/\/de.wikipedia.org\/wiki\/Serben\">Serben<\/a> und <a title=\"Bulgaren\" href=\"https:\/\/de.wikipedia.org\/wiki\/Bulgaren\">Bulgaren<\/a> unterscheidbaren eigenst\u00e4ndigen Nation.<\/p>\n<p>Die mazedonische Nation konsolidierte sich erst im und nach dem <a title=\"Zweiter Weltkrieg\" href=\"https:\/\/de.wikipedia.org\/wiki\/Zweiter_Weltkrieg\">Zweiten Weltkrieg<\/a>. W\u00e4hrend der zweiten Sitzung des <a class=\"mw-redirect\" title=\"AVNOJ\" href=\"https:\/\/de.wikipedia.org\/wiki\/AVNOJ\">AVNOJ<\/a> (Antifaschistischer Rat der Volksbefreiung Jugoslawiens) am 29. November 1943 war Mazedonien zu einer f\u00f6derativen Einheit des k\u00fcnftigen <a title=\"Jugoslawien\" href=\"https:\/\/de.wikipedia.org\/wiki\/Jugoslawien\">jugoslawischen<\/a> Staates erkl\u00e4rt worden. Die \u00fcberwiegend orthodoxen Mazedonier stiegen somit zum Staatsvolk auf, nur fehlte ihnen im Vergleich zu den Serben oder Bulgaren eine Landeskirche. Die nach dem Zweiten Weltkrieg erneut einsetzenden kirchlichen Autonomiebestrebungen der Mazedonier wurden von der <a title=\"Josip Broz Tito\" href=\"https:\/\/de.wikipedia.org\/wiki\/Josip_Broz_Tito\">Tito<\/a>-Regierung tatkr\u00e4ftig unterst\u00fctzt und dazu benutzt, die Gr\u00fcndung einer <i>jugoslawischen orthodoxen Kirche<\/i> mit Gliedkirchen in jeder Teilrepublik voranzutreiben. Die neue Kirche sollte nicht nur die serbische Orthodoxie sondern auch die katholische Kirche schw\u00e4chen, die beide der kommunistischen Herrschaft kritisch gegen\u00fcberstanden.<\/p>\n<p>Offiziell wurde die Forderung nach einer eigenst\u00e4ndigen mazedonischen Kirche zum ersten Mal von einem aus Klerikern und Laien gebildeten Nationalkonzil im M\u00e4rz 1945 erhoben. Es folgte im Oktober ein abschl\u00e4giger Bescheid seitens der serbischen Kirche. Eine Versammlung von \u00fcber 200 mazedonischen Priestern reagierte darauf im Mai 1946 mit einer Resolution, die deutlich von den Vorstellungen der kommunistischen Regierung beeinflusst war. Man forderte nicht nur Autonomie f\u00fcr die mazedonische Nationalkirche und Wahl der Bisch\u00f6fe durch Klerus <i>und<\/i> Volk, sondern auch die Bildung eines gesamtjugoslawischen Synods, in dem die Kirchen aus jeder Republik vertreten sein sollten. Das h\u00e4tte f\u00fcr die serbische Kirche auch den Verlust ihrer Metropolien und Eparchien in Kroatien, Bosnien und Montenegro zur Folge gehabt.<\/p>\n<p>W\u00e4hrend des zweiten mazedonischen Nationalkonzils im Oktober 1958 wurde <a class=\"mw-redirect\" title=\"Dositej II.\" href=\"https:\/\/de.wikipedia.org\/wiki\/Dositej_II.\">Bischof Dositej<\/a> zum Erzbischof von Ohrid gew\u00e4hlt. Dies bedeutete auch die Wiedererrichtung dieser im 18. Jahrhundert untergangenen Metropolie. Gleichzeitig mit Dositej wurden zwei weitere Bisch\u00f6fe mazedonischer Nationalit\u00e4t gew\u00e4hlt und so ein Synod der nunmehr autonomen mazedonischen Kirche gebildet. Patriarch German und der Hl. Synod der serbischen Kirche bezeichneten die Wahlen als unkanonisch. 1959 aber kam German nach Mazedonien, wo er zusammen mit Erzbischof Dositej einen weiteren Bischof weihte. Damit akzeptierte er \u2013 wohl auf Druck der kommunistischen Regierung \u2013 die bisherige Entwicklung, ohne dies jedoch offiziell im Amtsblatt der Kirche zu verk\u00fcnden. Zu diesem Zeitpunkt erkannten die Mazedonier German noch als Oberhaupt beider Kirchen an und bezeichneten ihn im Schriftverkehr als <i>Patriarchen von Serbien und Mazedonien<\/i>.<\/p>\n<p style=\"text-align: center;\"><a href=\"http:\/\/sveti-nikola.de\/wp-content\/uploads\/2017\/07\/fallback.jpg\"><img decoding=\"async\" loading=\"lazy\" class=\"alignnone wp-image-637 aligncenter\" src=\"http:\/\/sveti-nikola.de\/wp-content\/uploads\/2017\/07\/fallback-300x159.jpg\" alt=\"\" width=\"757\" height=\"401\" srcset=\"http:\/\/sveti-nikola.de\/wp-content\/uploads\/2017\/07\/fallback-300x159.jpg 300w, http:\/\/sveti-nikola.de\/wp-content\/uploads\/2017\/07\/fallback-768x407.jpg 768w, http:\/\/sveti-nikola.de\/wp-content\/uploads\/2017\/07\/fallback-1024x542.jpg 1024w, http:\/\/sveti-nikola.de\/wp-content\/uploads\/2017\/07\/fallback-566x300.jpg 566w, http:\/\/sveti-nikola.de\/wp-content\/uploads\/2017\/07\/fallback.jpg 1920w\" sizes=\"(max-width: 757px) 100vw, 757px\" \/><\/a>\u00a0Kloster Sveti Jovan Bigorski<\/p>\n<div class=\"thumb tright\">\n<div class=\"thumbinner\">\n<div class=\"thumbcaption\" style=\"text-align: center;\"><\/div>\n<div class=\"thumbcaption\" style=\"text-align: center;\"><strong>Einseitige Erkl\u00e4rung der Autokephalie<\/strong><\/div>\n<div class=\"thumbcaption\" style=\"text-align: center;\"><\/div>\n<\/div>\n<\/div>\n<p>Im Herbst 1966 baten die mazedonischen Bisch\u00f6fe das <a title=\"Serbisch-Orthodoxe Kirche\" href=\"https:\/\/de.wikipedia.org\/wiki\/Serbisch-Orthodoxe_Kirche\">serbische Patriarchat<\/a> um die Autokephalie, was von diesem abgelehnt wurde. Trotzdem beschlossen die Mazedonier auf einer Versammlung von Bisch\u00f6fen, Priestern und Laien in Ohrid am 19. Juli 1967 ihre Losl\u00f6sung vom Belgrader Patriarchat und der neu gebildete <i>Heilige Synod der Kirche von Mazedonien<\/i> verk\u00fcndete die Autokephalie.<\/p>\n<p>Auch der <a title=\"\u00d6kumenisches Patriarchat von Konstantinopel\" href=\"https:\/\/de.wikipedia.org\/wiki\/%C3%96kumenisches_Patriarchat_von_Konstantinopel\">Patriarch von Konstantinopel<\/a> und die anderen orthodoxen Kirchen betrachten die mazedonische Kirche als kirchenrechtswidrig, da dem orthodoxen Kirchenrecht entsprechend sich eine Landeskirche nicht einseitig von ihrer \u201eMutterkirche\u201c l\u00f6sen k\u00f6nne, wiewohl dies etwa bei der Gr\u00fcndung der serbischen und bulgarischen Kirche im Mittelalter auch der Fall gewesen ist und noch im 20. Jahrhundert bei der Etablierung der albanischen Kirche vorkam, was dann jeweils nachtr\u00e4glich vom \u00f6kumenischen Patriarchen sanktioniert worden ist. Lehre und gottesdienstliche Praxis der Mazedonier stimmen mit denen der \u00fcbrigen orthodoxen Kirchen \u00fcberein. Von vielen wird daher der Grund f\u00fcr den Ausschluss aus der <a title=\"Orthodoxe Kirchen\" href=\"https:\/\/de.wikipedia.org\/wiki\/Orthodoxe_Kirchen\">orthodoxen \u00d6kumene<\/a> als rein politisch gesehen.<\/p>\n<p style=\"text-align: center;\"><strong><span id=\"J.C3.BCngere_Entwicklung\" class=\"mw-headline\">J\u00fcngere Entwicklung<\/span><\/strong><\/p>\n<p style=\"text-align: center;\"><a href=\"http:\/\/sveti-nikola.de\/wp-content\/uploads\/2017\/07\/Soborna-Crkva-St-Clement-of-Ohrid-Skopje.jpg\"><img decoding=\"async\" loading=\"lazy\" class=\"alignnone wp-image-638\" src=\"http:\/\/sveti-nikola.de\/wp-content\/uploads\/2017\/07\/Soborna-Crkva-St-Clement-of-Ohrid-Skopje-300x199.jpg\" alt=\"\" width=\"680\" height=\"451\" srcset=\"http:\/\/sveti-nikola.de\/wp-content\/uploads\/2017\/07\/Soborna-Crkva-St-Clement-of-Ohrid-Skopje-300x199.jpg 300w, http:\/\/sveti-nikola.de\/wp-content\/uploads\/2017\/07\/Soborna-Crkva-St-Clement-of-Ohrid-Skopje-768x509.jpg 768w, http:\/\/sveti-nikola.de\/wp-content\/uploads\/2017\/07\/Soborna-Crkva-St-Clement-of-Ohrid-Skopje-1024x678.jpg 1024w, http:\/\/sveti-nikola.de\/wp-content\/uploads\/2017\/07\/Soborna-Crkva-St-Clement-of-Ohrid-Skopje-453x300.jpg 453w\" sizes=\"(max-width: 680px) 100vw, 680px\" \/><\/a><\/p>\n<p style=\"text-align: center;\"><a title=\"Kliment-von-Ohrid-Kirche (Skopje)\" href=\"https:\/\/de.wikipedia.org\/wiki\/Kliment-von-Ohrid-Kirche_(Skopje)\">Kirche Hl. Kliment<\/a> in Skopje, geweiht 1972<\/p>\n<div class=\"thumb tright\"><\/div>\n<p>Der Streit zwischen der serbischen und der mazedonischen Orthodoxie konnte bis heute nicht beigelegt werden, sondern ist in den letzten Jahren sogar noch eskaliert, als der mazedonische Bischof <a title=\"Jovan Vrani\u0161kovski\" href=\"https:\/\/de.wikipedia.org\/wiki\/Jovan_Vrani%C5%A1kovski\">Jovan<\/a> von <a title=\"Veles (Mazedonien)\" href=\"https:\/\/de.wikipedia.org\/wiki\/Veles_(Mazedonien)\">Veles<\/a> und Povardarie 2002 seine Eparchie der serbisch-orthodoxen Kirche unterstellte und vom Belgrader Patriarchat zum <a title=\"Exarchat (Kirchenwesen)\" href=\"https:\/\/de.wikipedia.org\/wiki\/Exarchat_(Kirchenwesen)\">Exarchen<\/a> des Erzbistums Ohrid ernannt wurde. Daf\u00fcr wurde Metropolit Jovan 2003 von der mazedonischen Kirche exkommuniziert. Jovan folgten 2004 weitere vier Kl\u00f6ster mit 30 M\u00f6nchen.<\/p>\n<p>Von serbischer Seite war das Angebot gemacht worden, der mazedonischen Kirche eine Autonomie innerhalb des Belgrader Patriarchats zuzugestehen. Dieser Vorschlag hatte die mazedonischen Bisch\u00f6fe in zwei Lager gespalten: Petar von Australien und Neuseeland, Timotej von Ki\u010devo, Naum von Strumica und Jovan von Povardarie waren daf\u00fcr; Kiril von Polog und Kumanovo, Agatangel von Bregalnica sowie Gorazd, Metropolit f\u00fcr Westeuropa, waren dagegen. Das mazedonische Kirchenoberhaupt, Erzbischof Stefan von Ohrid, verhielt sich neutral. Die mazedonischen Gl\u00e4ubigen bef\u00fcrworten mehrheitlich die Autokephalie.<\/p>\n<p>Im Mai 2003 <a title=\"Suspension (Kirchenrecht)\" href=\"https:\/\/de.wikipedia.org\/wiki\/Suspension_(Kirchenrecht)\">suspendierte<\/a> die serbische Bischofskonferenz den Metropoliten Kiril von Kumanovo-Polog und stellte anderen Bisch\u00f6fen ein Ultimatum, sich bis zum 1. September dem Belgrader Patriarchat wieder anzuschlie\u00dfen. Der serbische Patriarch <a title=\"Pavle (Patriarch)\" href=\"https:\/\/de.wikipedia.org\/wiki\/Pavle_(Patriarch)\">Pavle<\/a> bezeichnete die Autokephalie der mazedonisch-orthodoxen Kirche als \u201eSch\u00f6pfung des Kommunismus\u201c. Eine eilig einberufene <a title=\"Heiliger Synod\" href=\"https:\/\/de.wikipedia.org\/wiki\/Heiliger_Synod\">Synode<\/a> der mazedonischen Kirche verurteilte die serbische Drohung, nach Jovan zwei weitere Bisch\u00f6fe zu weihen und somit eine parallele Synode der Ohrider Erzdi\u00f6zese unter dem Belgrader Patriarchat zu gr\u00fcnden. Die mazedonische Synode mutma\u00dfte eine serbisch-griechische Intrige, bei der es darum ginge, die Existenz der mazedonischen Nation und seines Staates zu negieren. Zun\u00e4chst hatte sich die mazedonische Regierung in die kirchlichen Auseinandersetzungen nicht eingemischt, mit der Verhaftung von Bischof Jovan in <a title=\"Bitola\" href=\"https:\/\/de.wikipedia.org\/wiki\/Bitola\">Bitola<\/a> am 11. Januar 2004 (wegen Verdacht auf Verletzung des Eigentumrechtes von Kirchen und Kl\u00f6stern) gewann der kanonische Konflikt beinahe eine staatspolitische Dimension.<\/p>\n<p>Im Dezember 2009 besuchte Erzpriester Nikolaj Balaschow, als Abgesandter des <a title=\"Russisch-Orthodoxe Kirche\" href=\"https:\/\/de.wikipedia.org\/wiki\/Russisch-Orthodoxe_Kirche\">russischen Patriarchen<\/a> <a title=\"Kyrill I.\" href=\"https:\/\/de.wikipedia.org\/wiki\/Kyrill_I.\">Kyrill I.<\/a>, den mazedonischen Pr\u00e4sidenten <a title=\"Gjorge Ivanov\" href=\"https:\/\/de.wikipedia.org\/wiki\/Gjorge_Ivanov\">Gjorge Ivanov<\/a>. W\u00e4hrend dieses Besuchs wurde auch der ungekl\u00e4rte Status der mazedonischen Kirche in der orthodoxen \u00d6kumene angesprochen. Man war sich einig, dass der Dialog mit der serbischen Kirche wiederaufgenommen werden solle und Balaschow bot daf\u00fcr auch russische Vermittlung an.<\/p>\n<p>Neben den serbisch-mazedonischen Streitigkeiten steht auch noch die Frage im Raum, ob die autokephale Kirche Mazedoniens bereit w\u00e4re, sich als \u201eautokephales Erzbistum Ohrid\u201c zu bezeichnen, um so der griechischen Kirche gegen\u00fcber das <a title=\"Streit um den Namen Mazedonien\" href=\"https:\/\/de.wikipedia.org\/wiki\/Streit_um_den_Namen_Mazedonien\">Reizwort<\/a> <i>mazedonisch<\/i> zu vermeiden.<\/p>\n","protected":false},"excerpt":{"rendered":"<p>Die Mazedonische Orthodoxe Kirche\u00a0ist eine orthodoxe Kirche auf dem Gebiet Mazedoniens. Zu ihr bekennt sich etwa zwei Drittel der mazedonischen Bev\u00f6lkerung. Die Kirche hat acht Eparchien in Mazedonien und vier weitere im Ausland zur Betreuung der mazedonischen Diaspora. \u00a0St. Pantaleimon-Kloster in Ohrid Die mazedonische Orthodoxie beruft sich auf die mittelalterliche Tradition des Erzbistums von Ohrid,&#8230; <\/p>\n<div class=\"link-more\"><a href=\"http:\/\/sveti-nikola.de\/?page_id=633\">Read More<\/a><\/div>\n","protected":false},"author":3,"featured_media":0,"parent":0,"menu_order":0,"comment_status":"closed","ping_status":"closed","template":"","meta":[],"_links":{"self":[{"href":"http:\/\/sveti-nikola.de\/index.php?rest_route=\/wp\/v2\/pages\/633"}],"collection":[{"href":"http:\/\/sveti-nikola.de\/index.php?rest_route=\/wp\/v2\/pages"}],"about":[{"href":"http:\/\/sveti-nikola.de\/index.php?rest_route=\/wp\/v2\/types\/page"}],"author":[{"embeddable":true,"href":"http:\/\/sveti-nikola.de\/index.php?rest_route=\/wp\/v2\/users\/3"}],"replies":[{"embeddable":true,"href":"http:\/\/sveti-nikola.de\/index.php?rest_route=%2Fwp%2Fv2%2Fcomments&post=633"}],"version-history":[{"count":3,"href":"http:\/\/sveti-nikola.de\/index.php?rest_route=\/wp\/v2\/pages\/633\/revisions"}],"predecessor-version":[{"id":851,"href":"http:\/\/sveti-nikola.de\/index.php?rest_route=\/wp\/v2\/pages\/633\/revisions\/851"}],"wp:attachment":[{"href":"http:\/\/sveti-nikola.de\/index.php?rest_route=%2Fwp%2Fv2%2Fmedia&parent=633"}],"curies":[{"name":"wp","href":"https:\/\/api.w.org\/{rel}","templated":true}]}}